{"id":13,"date":"2021-08-26T16:09:32","date_gmt":"2021-08-26T16:09:32","guid":{"rendered":"https:\/\/nathannicolle.fr\/entreprise\/?page_id=13"},"modified":"2023-07-30T20:26:17","modified_gmt":"2023-07-30T20:26:17","slug":"accueil","status":"publish","type":"page","link":"https:\/\/nathannicolle.fr\/entreprise\/","title":{"rendered":"Qui suis-je ?"},"content":{"rendered":"\n<div class=\"who_iam\">\n\n\n<div class=\"wp-block-image is-style-rounded\">\n<figure class=\"aligncenter size-medium\"><img loading=\"lazy\" decoding=\"async\" width=\"288\" height=\"300\" src=\"https:\/\/nathannicolle.fr\/entreprise\/wp-content\/uploads\/2022\/05\/1654030607658-288x300.jpg\" alt=\"\" class=\"wp-image-613\" srcset=\"https:\/\/nathannicolle.fr\/entreprise\/wp-content\/uploads\/2022\/05\/1654030607658-288x300.jpg 288w, https:\/\/nathannicolle.fr\/entreprise\/wp-content\/uploads\/2022\/05\/1654030607658-984x1024.jpg 984w, https:\/\/nathannicolle.fr\/entreprise\/wp-content\/uploads\/2022\/05\/1654030607658-768x799.jpg 768w, https:\/\/nathannicolle.fr\/entreprise\/wp-content\/uploads\/2022\/05\/1654030607658-250x260.jpg 250w, https:\/\/nathannicolle.fr\/entreprise\/wp-content\/uploads\/2022\/05\/1654030607658-350x364.jpg 350w, https:\/\/nathannicolle.fr\/entreprise\/wp-content\/uploads\/2022\/05\/1654030607658.jpg 1066w\" sizes=\"auto, (max-width: 288px) 100vw, 288px\" \/><\/figure>\n<\/div>\n\n<p>Je suis un d\u00e9veloppeur de 20 ans, je viens de terminer ma Licence STS Informatique &#8211; Sp\u00e9cialit\u00e9 D\u00e9veloppement web, applicatif et mobile. Autodidacte en informatique d\u00e8s mes d\u00e9buts en seconde,&nbsp; j&rsquo;ai cr\u00e9\u00e9 mon premier site web en HTML5 et CSS3 (celui qui me sert actuellement de blog). Je suis d\u00e9sormais auto-entrepreneur et en capacit\u00e9 de faire vos sites vitrine selon vos envies et vos besoins.<\/p>\n<p><em>Je suis disponible pour r\u00e9pondre \u00e0 vos questions par mail ou via mes r\u00e9seaux sociaux pr\u00e9sents dans le pied de page.<\/em><\/p>\n<p style=\"text-align: right;\"><em>Nathan NICOLLE<\/em><\/p>\n\n\n<\/div>\n","protected":false},"excerpt":{"rendered":"<p>Je suis un d\u00e9veloppeur de 20 ans, je viens de terminer ma Licence STS Informatique &#8211; Sp\u00e9cialit\u00e9 D\u00e9veloppement web, applicatif et mobile. Autodidacte en informatique d\u00e8s mes d\u00e9buts en seconde,&nbsp; j&rsquo;ai cr\u00e9\u00e9 mon premier site web en HTML5 et CSS3 (celui qui me sert actuellement de blog). Je suis d\u00e9sormais auto-entrepreneur et en capacit\u00e9 de &hellip; <\/p>\n<p class=\"link-more\"><a href=\"https:\/\/nathannicolle.fr\/entreprise\/\" class=\"more-link\">Continuer la lecture<span class=\"screen-reader-text\"> de &laquo;&nbsp;Qui suis-je ?&nbsp;&raquo;<\/span><\/a><\/p>\n","protected":false},"author":1,"featured_media":0,"parent":0,"menu_order":0,"comment_status":"closed","ping_status":"closed","template":"","meta":{"footnotes":""},"class_list":["post-13","page","type-page","status-publish","hentry"],"ams_acf":[],"_links":{"self":[{"href":"https:\/\/nathannicolle.fr\/entreprise\/wp-json\/wp\/v2\/pages\/13","targetHints":{"allow":["GET"]}}],"collection":[{"href":"https:\/\/nathannicolle.fr\/entreprise\/wp-json\/wp\/v2\/pages"}],"about":[{"href":"https:\/\/nathannicolle.fr\/entreprise\/wp-json\/wp\/v2\/types\/page"}],"author":[{"embeddable":true,"href":"https:\/\/nathannicolle.fr\/entreprise\/wp-json\/wp\/v2\/users\/1"}],"replies":[{"embeddable":true,"href":"https:\/\/nathannicolle.fr\/entreprise\/wp-json\/wp\/v2\/comments?post=13"}],"version-history":[{"count":16,"href":"https:\/\/nathannicolle.fr\/entreprise\/wp-json\/wp\/v2\/pages\/13\/revisions"}],"predecessor-version":[{"id":633,"href":"https:\/\/nathannicolle.fr\/entreprise\/wp-json\/wp\/v2\/pages\/13\/revisions\/633"}],"wp:attachment":[{"href":"https:\/\/nathannicolle.fr\/entreprise\/wp-json\/wp\/v2\/media?parent=13"}],"curies":[{"name":"wp","href":"https:\/\/api.w.org\/{rel}","templated":true}]}}